{"id":4142,"date":"2026-02-13T08:35:24","date_gmt":"2026-02-13T08:35:24","guid":{"rendered":"https:\/\/wingsforeurope.com\/?page_id=4142"},"modified":"2026-02-13T08:35:24","modified_gmt":"2026-02-13T08:35:24","slug":"contacts-3","status":"publish","type":"page","link":"https:\/\/wingsforeurope.com\/fr\/contacts-3\/","title":{"rendered":"Contacts"},"content":{"rendered":"\n<div class=\"wp-block-uagb-container uagb-block-66a05492 alignfull uagb-is-root-container\"><div class=\"uagb-container-inner-blocks-wrap\">\n<header class=\"wp-block-uagb-advanced-heading uagb-block-405371e6\"><h3 class=\"uagb-heading-text\">MEDIA ABOUT US<\/h3><\/header>\n<\/div><\/div>\n\n<div class=\"wp-block-uagb-separator uagb-block-45bfdfc6\"><div class=\"wp-block-uagb-separator__inner\" style=\"--my-background-image:\"><\/div><\/div>\n\n<div class=\"wp-block-uagb-container uagb-block-952c7d12 alignfull uagb-is-root-container\"><div class=\"uagb-container-inner-blocks-wrap\">\n<div class=\"wp-block-media-text is-stacked-on-mobile\"><figure class=\"wp-block-media-text__media\"><img loading=\"lazy\" decoding=\"async\" width=\"1066\" height=\"594\" src=\"https:\/\/wingsforeurope.com\/wp-content\/uploads\/2026\/02\/1-1024x571.png\" alt=\"\" class=\"wp-image-4131 size-full\" srcset=\"https:\/\/wingsforeurope.com\/wp-content\/uploads\/2026\/02\/1-1024x571.png 1024w, https:\/\/wingsforeurope.com\/wp-content\/uploads\/2026\/02\/1-300x167.png 300w, https:\/\/wingsforeurope.com\/wp-content\/uploads\/2026\/02\/1-768x428.png 768w, https:\/\/wingsforeurope.com\/wp-content\/uploads\/2026\/02\/1.png 1066w\" sizes=\"auto, (max-width: 1066px) 100vw, 1066px\" \/><\/figure><div class=\"wp-block-media-text__content\">\n<p>\u00ab\u00a0Het lijkt wat op IKEA-kasten ineensteken\u00a0\u00bb: vrijwilligers bouwen drones voor Oekra\u00efne in Brussel<br\/>Lauwke Vandendriessche | ma 2 feb. | 04:31<\/p>\n\n\n\n<div class=\"wp-block-buttons is-layout-flex wp-block-buttons-is-layout-flex\">\n<div class=\"wp-block-button\"><a class=\"wp-block-button__link wp-element-button\">MORE<\/a><\/div>\n<\/div>\n\n\n\n<p><\/p>\n<\/div><\/div>\n<\/div><\/div>\n\n<div class=\"wp-block-uagb-container uagb-block-fb2945ef alignfull uagb-is-root-container\"><div class=\"uagb-container-inner-blocks-wrap\">\n<div class=\"wp-block-media-text is-stacked-on-mobile\"><figure class=\"wp-block-media-text__media\"><img loading=\"lazy\" decoding=\"async\" width=\"1024\" height=\"683\" src=\"https:\/\/wingsforeurope.com\/wp-content\/uploads\/2026\/02\/2.jpg\" alt=\"\" class=\"wp-image-4135 size-full\" srcset=\"https:\/\/wingsforeurope.com\/wp-content\/uploads\/2026\/02\/2.jpg 1024w, https:\/\/wingsforeurope.com\/wp-content\/uploads\/2026\/02\/2-300x200.jpg 300w, https:\/\/wingsforeurope.com\/wp-content\/uploads\/2026\/02\/2-768x512.jpg 768w\" sizes=\"auto, (max-width: 1024px) 100vw, 1024px\" \/><\/figure><div class=\"wp-block-media-text__content\">\n<p>In a secret location in Brussels, ordinary people are aiding Ukraine&rsquo;s war effort<\/p>\n\n\n\n<p>Wednesday, 28 January 2026<\/p>\n\n\n\n<p>By\u00a0Eva Hilinski<\/p>\n\n\n\n<div class=\"wp-block-buttons is-layout-flex wp-block-buttons-is-layout-flex\">\n<div class=\"wp-block-button\"><a class=\"wp-block-button__link wp-element-button\" href=\"https:\/\/www.brusselstimes.com\/1937118\/in-a-secret-location-in-brussels-europeans-are-doing-something-tangible-and-real-to-help-ukraines-war-effort\">MORE<\/a><\/div>\n<\/div>\n\n\n\n<p><\/p>\n<\/div><\/div>\n<\/div><\/div>\n\n<div id=\"partners\" class=\"wp-block-uagb-container uagb-block-b13ba7e8 alignfull uagb-is-root-container\"><div class=\"uagb-container-inner-blocks-wrap\">\n<div class=\"wp-block-uagb-call-to-action uagb-block-54f0649e wp-block-button\"><div class=\"uagb-cta__wrap\"><h3 class=\"uagb-cta__title\">Soutenez notre cause, sauvez des vies !<\/h3><p class=\"uagb-cta__desc\">Vos dons financent les composants de drones FPV que nos b\u00e9n\u00e9voles assemblent en drones op\u00e9rationnels, puis livrent en Ukraine.<br\/>Chaque drone livr\u00e9 peut sauver des vies. <\/p><\/div><div class=\"uagb-cta__buttons\"><a href=\"#\" class=\"uagb-cta__button-link-wrapper wp-block-button__link\" target=\"_self\" rel=\"noopener noreferrer\">FAIRE UN DON<svg xmlns=\"https:\/\/www.w3.org\/2000\/svg\" viewbox=\"0 0 512 512\"><path d=\"M504.3 273.6l-112.1 104c-6.992 6.484-17.18 8.218-25.94 4.406c-8.758-3.812-14.42-12.45-14.42-21.1L351.9 288H32C14.33 288 .0002 273.7 .0002 255.1S14.33 224 32 224h319.9l0-72c0-9.547 5.66-18.19 14.42-22c8.754-3.809 18.95-2.075 25.94 4.41l112.1 104C514.6 247.9 514.6 264.1 504.3 273.6z\"><\/path><\/svg><\/a><\/div><\/div>\n<\/div><\/div>\n","protected":false},"excerpt":{"rendered":"<p>MEDIA ABOUT US \u00ab\u00a0Het lijkt wat op IKEA-kasten ineensteken\u00a0\u00bb: vrijwilligers bouwen drones voor Oekra\u00efne in BrusselLauwke Vandendriessche | ma 2 [&hellip;]<\/p>\n","protected":false},"author":5,"featured_media":0,"parent":0,"menu_order":0,"comment_status":"closed","ping_status":"closed","template":"","meta":{"_uag_custom_page_level_css":"","site-sidebar-layout":"default","site-content-layout":"","ast-site-content-layout":"","site-content-style":"default","site-sidebar-style":"default","ast-global-header-display":"","ast-banner-title-visibility":"","ast-main-header-display":"","ast-hfb-above-header-display":"","ast-hfb-below-header-display":"","ast-hfb-mobile-header-display":"","site-post-title":"disabled","ast-breadcrumbs-content":"","ast-featured-img":"","footer-sml-layout":"","ast-disable-related-posts":"","theme-transparent-header-meta":"","adv-header-id-meta":"","stick-header-meta":"","header-above-stick-meta":"","header-main-stick-meta":"","header-below-stick-meta":"","astra-migrate-meta-layouts":"default","ast-page-background-enabled":"default","ast-page-background-meta":{"desktop":{"background-color":"var(--ast-global-color-4)","background-image":"","background-repeat":"repeat","background-position":"center center","background-size":"auto","background-attachment":"scroll","background-type":"","background-media":"","overlay-type":"","overlay-color":"","overlay-opacity":"","overlay-gradient":""},"tablet":{"background-color":"","background-image":"","background-repeat":"repeat","background-position":"center center","background-size":"auto","background-attachment":"scroll","background-type":"","background-media":"","overlay-type":"","overlay-color":"","overlay-opacity":"","overlay-gradient":""},"mobile":{"background-color":"","background-image":"","background-repeat":"repeat","background-position":"center center","background-size":"auto","background-attachment":"scroll","background-type":"","background-media":"","overlay-type":"","overlay-color":"","overlay-opacity":"","overlay-gradient":""}},"ast-content-background-meta":{"desktop":{"background-color":"var(--ast-global-color-5)","background-image":"","background-repeat":"repeat","background-position":"center center","background-size":"auto","background-attachment":"scroll","background-type":"","background-media":"","overlay-type":"","overlay-color":"","overlay-opacity":"","overlay-gradient":""},"tablet":{"background-color":"var(--ast-global-color-5)","background-image":"","background-repeat":"repeat","background-position":"center center","background-size":"auto","background-attachment":"scroll","background-type":"","background-media":"","overlay-type":"","overlay-color":"","overlay-opacity":"","overlay-gradient":""},"mobile":{"background-color":"var(--ast-global-color-5)","background-image":"","background-repeat":"repeat","background-position":"center center","background-size":"auto","background-attachment":"scroll","background-type":"","background-media":"","overlay-type":"","overlay-color":"","overlay-opacity":"","overlay-gradient":""}},"footnotes":""},"class_list":["post-4142","page","type-page","status-publish","hentry"],"aioseo_notices":[],"uagb_featured_image_src":{"full":false,"thumbnail":false,"medium":false,"medium_large":false,"large":false,"1536x1536":false,"2048x2048":false,"psacp-medium":false},"uagb_author_info":{"display_name":"editor","author_link":"https:\/\/wingsforeurope.com\/fr\/author\/editor\/"},"uagb_comment_info":0,"uagb_excerpt":"MEDIA ABOUT US \u00ab\u00a0Het lijkt wat op IKEA-kasten ineensteken\u00a0\u00bb: vrijwilligers bouwen drones voor Oekra\u00efne in BrusselLauwke Vandendriessche | ma 2 [&hellip;]","_links":{"self":[{"href":"https:\/\/wingsforeurope.com\/fr\/wp-json\/wp\/v2\/pages\/4142","targetHints":{"allow":["GET"]}}],"collection":[{"href":"https:\/\/wingsforeurope.com\/fr\/wp-json\/wp\/v2\/pages"}],"about":[{"href":"https:\/\/wingsforeurope.com\/fr\/wp-json\/wp\/v2\/types\/page"}],"author":[{"embeddable":true,"href":"https:\/\/wingsforeurope.com\/fr\/wp-json\/wp\/v2\/users\/5"}],"replies":[{"embeddable":true,"href":"https:\/\/wingsforeurope.com\/fr\/wp-json\/wp\/v2\/comments?post=4142"}],"version-history":[{"count":0,"href":"https:\/\/wingsforeurope.com\/fr\/wp-json\/wp\/v2\/pages\/4142\/revisions"}],"wp:attachment":[{"href":"https:\/\/wingsforeurope.com\/fr\/wp-json\/wp\/v2\/media?parent=4142"}],"curies":[{"name":"wp","href":"https:\/\/api.w.org\/{rel}","templated":true}]}}