{"id":2835,"date":"2025-04-17T11:00:41","date_gmt":"2025-04-17T11:00:41","guid":{"rendered":"https:\/\/wingsforeurope.com\/contacts\/"},"modified":"2025-11-06T08:29:05","modified_gmt":"2025-11-06T08:29:05","slug":"contacts","status":"publish","type":"page","link":"https:\/\/wingsforeurope.com\/fr\/contacts\/","title":{"rendered":"Contacts"},"content":{"rendered":"\n<div class=\"wp-block-uagb-container uagb-block-66a05492 alignfull uagb-is-root-container\"><div class=\"uagb-container-inner-blocks-wrap\">\n<header class=\"wp-block-uagb-advanced-heading uagb-block-405371e6\"><h3 class=\"uagb-heading-text\">CONTACTS<\/h3><\/header>\n<\/div><\/div>\n\n<div class=\"wp-block-uagb-container uagb-block-09702f34 default uagb-is-root-container\">\n<div class=\"wp-block-uagb-container uagb-block-7c311258\">\n<div class=\"wp-block-uagb-image aligncenter uagb-block-7a48e52f wp-block-uagb-image--layout-default wp-block-uagb-image--effect-static wp-block-uagb-image--align-center\"><figure class=\"wp-block-uagb-image__figure\"><img decoding=\"async\"  sizes=\"auto, (max-width: 480px) 150px\" src=\"https:\/\/wingsforeurope.com\/wp-content\/uploads\/2025\/03\/cropped-WFE-Vertical-logo1-1-300x121.png\" alt=\"\" width=\"300\" height=\"121\" title=\"\" loading=\"lazy\" role=\"img\"><\/figure><\/div>\n<\/div>\n\n\n\n<div class=\"wp-block-uagb-container uagb-block-b3e8546f\">\n<p>ASBL \u00abWings for Europe\u00bb<br\/>Code de l\u2019entreprise: 2024 61 01893<br\/>Adresse : 4 An de Sp\u00ebtzl\u00e9cken, L-7265 Bereldange, Luxembourg <br\/>Compte bancaire: LU62 0019 7655 1296 5000 (Spuerkeess)<br\/>Repr\u00e9sentante: La pr\u00e9sidente, Kotryna Vilnonyt\u0117 <br\/>Courriel: info@wingsforeurope.com<br\/><\/p>\n<\/div>\n<\/div>\n\n<div class=\"wp-block-uagb-separator uagb-block-45bfdfc6\"><div class=\"wp-block-uagb-separator__inner\" style=\"--my-background-image:\"><\/div><\/div>\n\n<div class=\"wp-block-uagb-container uagb-block-f97af693 alignfull uagb-is-root-container\"><div class=\"uagb-container-inner-blocks-wrap\">\n<div class=\"wp-block-uagb-container uagb-block-18657e47 default uagb-is-root-container\">\n<div class=\"wp-block-uagb-image aligncenter uagb-block-2cdae772 wp-block-uagb-image--layout-default wp-block-uagb-image--effect-static wp-block-uagb-image--align-center\"><figure class=\"wp-block-uagb-image__figure\"><img decoding=\"async\" srcset=\"https:\/\/wingsforeurope.com\/wp-content\/uploads\/2025\/04\/k.v-300x200.jpg ,https:\/\/wingsforeurope.com\/wp-content\/uploads\/2025\/04\/k.v.jpg 780w, https:\/\/wingsforeurope.com\/wp-content\/uploads\/2025\/04\/k.v.jpg 360w\" sizes=\"auto, (max-width: 480px) 150px\" src=\"https:\/\/wingsforeurope.com\/wp-content\/uploads\/2025\/04\/k.v-300x200.jpg\" alt=\"\" class=\"uag-image-2044\" width=\"300\" height=\"200\" title=\"k.v\" loading=\"lazy\" role=\"img\"><\/figure><\/div>\n<\/div>\n\n\n\n<div class=\"wp-block-uagb-container uagb-block-38f6b81e\">\n<p><strong>Kotryna Vilnonyte<\/strong><br\/>La pr\u00e9sidente<br\/>+352691223216<\/p>\n<\/div>\n<\/div><\/div>\n\n<div class=\"wp-block-uagb-container uagb-block-952c7d12 alignfull uagb-is-root-container\"><div class=\"uagb-container-inner-blocks-wrap\">\n<div class=\"wp-block-uagb-advanced-heading uagb-block-9fd03104\"><h2 class=\"uagb-heading-text\">Contactez-nous<\/h2><\/div>\n\n\n\n<div class=\"wp-block-uagb-forms uagb-forms__outer-wrap uagb-block-1c9220f7 uagb-forms__medium-btn\"><form class=\"uagb-forms-main-form\" method=\"post\" autocomplete=\"on\" name=\"uagb-form-1c9220f7\">\n<div class=\"wp-block-uagb-forms-name uagb-forms-name-wrap uagb-forms-field-set uagb-block-a3b16801\"><div class=\"uagb-forms-name-label required uagb-forms-input-label\" id=\"a3b16801\">Pr\u00e9nom<\/div><input type=\"text\" placeholder=\"John\" required=\"\" class=\"uagb-forms-name-input uagb-forms-input\" name=\"a3b16801\" autocomplete=\"given-name\"><\/div>\n\n\n\n<div class=\"wp-block-uagb-forms-name uagb-forms-name-wrap uagb-forms-field-set uagb-block-0f2f16ea\"><div class=\"uagb-forms-name-label required uagb-forms-input-label\" id=\"0f2f16ea\">Nom<\/div><input type=\"text\" placeholder=\"Doe\" required=\"\" class=\"uagb-forms-name-input uagb-forms-input\" name=\"0f2f16ea\" autocomplete=\"family-name\"><\/div>\n\n\n\n<div class=\"wp-block-uagb-forms-email uagb-forms-email-wrap uagb-forms-field-set uagb-block-7bbb012b\"><div class=\"uagb-forms-email-label uagb-forms-input-label\" id=\"7bbb012b\">E-mail<\/div><input type=\"email\" class=\"uagb-forms-email-input uagb-forms-input\" placeholder=\"example@mail.com\" name=\"7bbb012b\" autocomplete=\"email\"><\/div>\n\n\n\n<div class=\"wp-block-uagb-forms-textarea uagb-forms-textarea-wrap uagb-forms-field-set uagb-block-9f46b8a9\"><div class=\"uagb-forms-textarea-label required uagb-forms-input-label\" id=\"9f46b8a9\">Message<\/div><textarea required=\"\" class=\"uagb-forms-textarea-input uagb-forms-input\" rows=\"4\" placeholder=\"Saisissez votre message\" name=\"9f46b8a9\" autocomplete=\"off\"><\/textarea><\/div>\n<div class=\"uagb-forms-form-hidden-data\"><input type=\"hidden\" class=\"uagb_forms_form_label\" value=\"Spectra Form\"\/><input type=\"hidden\" class=\"uagb_forms_form_id\" value=\"uagb-form-1c9220f7\"\/><\/div><div class=\"uagb-form-reacaptcha-error-1c9220f7\"><\/div><div class=\"uagb-forms-main-submit-button-wrap wp-block-button\"><button class=\"uagb-forms-main-submit-button wp-block-button__link\"><div class=\"uagb-forms-main-submit-button-text\">Envoyer<\/div><\/button><\/div><\/form><div class=\"uagb-forms-success-message-1c9220f7 uagb-forms-submit-message-hide\"><span>The form has been submitted successfully!<\/span><\/div><div class=\"uagb-forms-failed-message-1c9220f7 uagb-forms-submit-message-hide\"><span>There has been some error while submitting the form. Please verify all form fields again.<\/span><\/div><\/div>\n<\/div><\/div>\n\n<div id=\"partners\" class=\"wp-block-uagb-container uagb-block-b13ba7e8 alignfull uagb-is-root-container\"><div class=\"uagb-container-inner-blocks-wrap\">\n<div class=\"wp-block-uagb-call-to-action uagb-block-54f0649e wp-block-button\"><div class=\"uagb-cta__wrap\"><h3 class=\"uagb-cta__title\">Soutenez notre cause, sauvez des vies !<\/h3><p class=\"uagb-cta__desc\">Vos dons financent les composants de drones FPV que nos b\u00e9n\u00e9voles assemblent en drones op\u00e9rationnels, puis livrent en Ukraine.<br\/>Chaque drone livr\u00e9 peut sauver des vies. <\/p><\/div><div class=\"uagb-cta__buttons\"><a href=\"#\" class=\"uagb-cta__button-link-wrapper wp-block-button__link\" target=\"_self\" rel=\"noopener noreferrer\">FAIRE UN DON<svg xmlns=\"https:\/\/www.w3.org\/2000\/svg\" viewbox=\"0 0 512 512\"><path d=\"M504.3 273.6l-112.1 104c-6.992 6.484-17.18 8.218-25.94 4.406c-8.758-3.812-14.42-12.45-14.42-21.1L351.9 288H32C14.33 288 .0002 273.7 .0002 255.1S14.33 224 32 224h319.9l0-72c0-9.547 5.66-18.19 14.42-22c8.754-3.809 18.95-2.075 25.94 4.41l112.1 104C514.6 247.9 514.6 264.1 504.3 273.6z\"><\/path><\/svg><\/a><\/div><\/div>\n<\/div><\/div>\n","protected":false},"excerpt":{"rendered":"<p>CONTACTS ASBL \u00abWings for Europe\u00bbCode de l\u2019entreprise: 2024 61 01893Adresse : 4 An de Sp\u00ebtzl\u00e9cken, L-7265 Bereldange, Luxembourg Compte bancaire: [&hellip;]<\/p>\n","protected":false},"author":1,"featured_media":0,"parent":0,"menu_order":0,"comment_status":"closed","ping_status":"closed","template":"","meta":{"_uag_custom_page_level_css":"","site-sidebar-layout":"default","site-content-layout":"","ast-site-content-layout":"","site-content-style":"default","site-sidebar-style":"default","ast-global-header-display":"","ast-banner-title-visibility":"","ast-main-header-display":"","ast-hfb-above-header-display":"","ast-hfb-below-header-display":"","ast-hfb-mobile-header-display":"","site-post-title":"disabled","ast-breadcrumbs-content":"","ast-featured-img":"","footer-sml-layout":"","ast-disable-related-posts":"","theme-transparent-header-meta":"","adv-header-id-meta":"","stick-header-meta":"","header-above-stick-meta":"","header-main-stick-meta":"","header-below-stick-meta":"","astra-migrate-meta-layouts":"default","ast-page-background-enabled":"default","ast-page-background-meta":{"desktop":{"background-color":"var(--ast-global-color-4)","background-image":"","background-repeat":"repeat","background-position":"center center","background-size":"auto","background-attachment":"scroll","background-type":"","background-media":"","overlay-type":"","overlay-color":"","overlay-opacity":"","overlay-gradient":""},"tablet":{"background-color":"","background-image":"","background-repeat":"repeat","background-position":"center center","background-size":"auto","background-attachment":"scroll","background-type":"","background-media":"","overlay-type":"","overlay-color":"","overlay-opacity":"","overlay-gradient":""},"mobile":{"background-color":"","background-image":"","background-repeat":"repeat","background-position":"center center","background-size":"auto","background-attachment":"scroll","background-type":"","background-media":"","overlay-type":"","overlay-color":"","overlay-opacity":"","overlay-gradient":""}},"ast-content-background-meta":{"desktop":{"background-color":"var(--ast-global-color-5)","background-image":"","background-repeat":"repeat","background-position":"center center","background-size":"auto","background-attachment":"scroll","background-type":"","background-media":"","overlay-type":"","overlay-color":"","overlay-opacity":"","overlay-gradient":""},"tablet":{"background-color":"var(--ast-global-color-5)","background-image":"","background-repeat":"repeat","background-position":"center center","background-size":"auto","background-attachment":"scroll","background-type":"","background-media":"","overlay-type":"","overlay-color":"","overlay-opacity":"","overlay-gradient":""},"mobile":{"background-color":"var(--ast-global-color-5)","background-image":"","background-repeat":"repeat","background-position":"center center","background-size":"auto","background-attachment":"scroll","background-type":"","background-media":"","overlay-type":"","overlay-color":"","overlay-opacity":"","overlay-gradient":""}},"footnotes":""},"class_list":["post-2835","page","type-page","status-publish","hentry"],"aioseo_notices":[],"uagb_featured_image_src":{"full":false,"thumbnail":false,"medium":false,"medium_large":false,"large":false,"1536x1536":false,"2048x2048":false,"psacp-medium":false},"uagb_author_info":{"display_name":"administrator","author_link":"https:\/\/wingsforeurope.com\/fr\/author\/darkorchid-crab-845354-hostingersite-com\/"},"uagb_comment_info":0,"uagb_excerpt":"CONTACTS ASBL \u00abWings for Europe\u00bbCode de l\u2019entreprise: 2024 61 01893Adresse : 4 An de Sp\u00ebtzl\u00e9cken, L-7265 Bereldange, Luxembourg Compte bancaire: [&hellip;]","_links":{"self":[{"href":"https:\/\/wingsforeurope.com\/fr\/wp-json\/wp\/v2\/pages\/2835","targetHints":{"allow":["GET"]}}],"collection":[{"href":"https:\/\/wingsforeurope.com\/fr\/wp-json\/wp\/v2\/pages"}],"about":[{"href":"https:\/\/wingsforeurope.com\/fr\/wp-json\/wp\/v2\/types\/page"}],"author":[{"embeddable":true,"href":"https:\/\/wingsforeurope.com\/fr\/wp-json\/wp\/v2\/users\/1"}],"replies":[{"embeddable":true,"href":"https:\/\/wingsforeurope.com\/fr\/wp-json\/wp\/v2\/comments?post=2835"}],"version-history":[{"count":0,"href":"https:\/\/wingsforeurope.com\/fr\/wp-json\/wp\/v2\/pages\/2835\/revisions"}],"wp:attachment":[{"href":"https:\/\/wingsforeurope.com\/fr\/wp-json\/wp\/v2\/media?parent=2835"}],"curies":[{"name":"wp","href":"https:\/\/api.w.org\/{rel}","templated":true}]}}